{"id":7347,"date":"2025-06-18T13:02:03","date_gmt":"2025-06-18T10:02:03","guid":{"rendered":"https:\/\/dbsoft.com.gr\/?post_type=product&#038;p=7347"},"modified":"2025-09-23T19:36:09","modified_gmt":"2025-09-23T16:36:09","slug":"tp-link-eap225","status":"publish","type":"product","link":"https:\/\/dbsoft.com.gr\/en\/\u03c0\u03c1\u03bf\u03ca\u03bf\u03bd\u03c4\u03b1\/tp-link-eap225\/","title":{"rendered":"TP-Link EAP225"},"content":{"rendered":"<p>AC1350 Wireless MU-MIMO Gigabit Ceiling Mount Access PointEAP225<br \/>\nSimultaneous 450Mbps on 2.4GHz and 867Mbps on 5GHz totals 1317Mbps Wi-Fi speeds<br \/>\nSupports Seamless Roaming so even video streams and voice calls are unaffected as users move between locations<br \/>\nCloud centralized management and Omada app for ultra convenience and easy management<br \/>\nCompatibility with 802.3af and Passive PoE (PoE adapter included) support makes deployment effortless and flexible<br \/>\nSecure guest network along with multiple authentication options (SMS\/Facebook Wi-Fi\/ Voucher, etc.) and abundant wireless security technologies.<br \/>\nBand Steering Automatically moves dual band devices onto the wider 5GHz band for faster connections<br \/>\nMU-MIMO means access points simultaneously transfer data with multiple devices, speeding up connections<br \/>\nBeamforming concentrates signal towards where you need it most, providing a fast and stable Wi-Fi experience<br \/>\nSchedules can be set so access points automatically reboot and Wi-Fi turns on\/off at the times you choose<\/p>\n<p>HARDWARE FEATURES<br \/>\nInterface Gigabit Ethernet (RJ-45) Port\u00d71 (Support IEEE802.3af PoE and Passive PoE)<br \/>\nPhysical Security Lock Yes<br \/>\nButton Reset<br \/>\nPower Supply 802.3af\/A PoE<br \/>\n24V Passive PoE (+4,5pins; -7,8pins. PoE Adapter Included)<br \/>\nPower Consumption EU: 10.5 W<br \/>\nUS: 12.6W<br \/>\nDimensions 8.1 \u00d7 7.1 \u00d7 1.5 in. (205.5 \u00d7 181.5 \u00d7 37.1 mm)<br \/>\nAntenna Type 3 Internal Omni<br \/>\n2.4GHz: 4dBi<br \/>\n5GHz: 5dBi<br \/>\nMounting Ceiling \/Wall Mounting (Kits included)<br \/>\nWIRELESS FEATURES<br \/>\nWireless Standards IEEE 802.11ac\/n\/g\/b\/a<br \/>\nFrequency 2.4GHz and 5GHz<br \/>\nSignal Rate 5GHz:Up to 867Mbps<br \/>\n2.4GHz:Up to 450Mbps<br \/>\nWireless Functions Multiple SSIDs (Up to 16 SSIDs, 8 for each band)<br \/>\nEnable\/Disable Wireless Radio<br \/>\nAutomatic Channel Assignment<br \/>\nTransmit Power Control (Adjust Transmit Power on dBm)<br \/>\nQoS(WMM)<br \/>\nSeamless Roaming<br \/>\nBand Steering<br \/>\nLoad Balance<br \/>\nMU-MIMO<br \/>\nAirtime Fairness<br \/>\nBeamforming<br \/>\nRate Limit<br \/>\nReboot Schedule<br \/>\nWireless Schedule<br \/>\nWireless Statistics based on SSID\/AP\/Client<br \/>\nWireless Security Captive Portal Authentication<br \/>\nAccess Control<br \/>\nWireless Mac Address Filtering<br \/>\nWireless Isolation Between Clients<br \/>\nSSID to VLAN Mapping<br \/>\nRogue AP Detection<br \/>\n802.1X Support<br \/>\nTransmission Power CE:<br \/>\n\u226420dBm(2.4GHz,EIRP)<br \/>\n\u226423dBm(5GHz,EIRP)<br \/>\nFCC:<br \/>\n\u226424dBm(2.4GHz)<br \/>\n\u226422dBm(5GHz)<br \/>\nMANAGEMENT<br \/>\nOmada Cloud Access Yes<br \/>\nOmada App Yes<br \/>\nOmada Cloud Controller Yes<br \/>\nOmada Controller Software Yes<br \/>\nEmail Alerts Yes<br \/>\nLED ON\/OFF Control Yes<br \/>\nManagement MAC Access Control Yes<br \/>\nSNMP v1,v2c<br \/>\nSystem Logging Local\/Remote Syslog Local\/Remote Syslog<br \/>\nSSH Yes<br \/>\nWeb-based Management HTTP\/HTTPS<br \/>\nL3 Management Yes<br \/>\nMulti-site Management Yes<br \/>\nManagement VLAN Yes<br \/>\nOTHERS<br \/>\nCertification CE, FCC, RoHS<br \/>\nPackage Contents AC1350 Wireless MU-MIMO Gigabit Ceiling Mount Access Point EAP225<br \/>\nPassive PoE Adapter<br \/>\nPower Cord<br \/>\nMounting Kits<br \/>\nInstallation Guide<br \/>\nSystem Requirements Microsoft Windows XP, Vista, Windows 7, Windows 8, Windows10, Linux<br \/>\nEnvironment Operating Temperature: 0\u2103~40\u2103 (32\u2109~104\u2109)<br \/>\nStorage Temperature: -40\u2103~70\u2103 (-40\u2109~158\u2109)<br \/>\nOperating Humidity: 10%~90% non-condensing<br \/>\nStorage Humidity: 5%~90% non-condensing<\/p>","protected":false},"excerpt":{"rendered":"<p>AC1350 Wireless MU-MIMO Gigabit Ceiling Mount Access PointEAP225 Simultaneous 450Mbps on 2.4GHz and 867Mbps on 5GHz totals 1317Mbps Wi-Fi speeds Supports Seamless Roaming so even video streams and voice calls are unaffected as users move between locations Cloud centralized management and Omada app for ultra convenience and easy management Compatibility with 802.3af and Passive PoE<\/p>","protected":false},"featured_media":7346,"comment_status":"closed","ping_status":"closed","template":"","meta":[],"product_brand":[404],"product_cat":[123,391],"product_tag":[],"class_list":{"0":"post-7347","1":"product","2":"type-product","3":"status-publish","4":"has-post-thumbnail","6":"product_brand-tp-link","7":"product_cat-123","8":"product_cat-391","10":"first","11":"instock","12":"taxable","13":"shipping-taxable","14":"purchasable","15":"product-type-simple"},"_links":{"self":[{"href":"https:\/\/dbsoft.com.gr\/en\/wp-json\/wp\/v2\/product\/7347","targetHints":{"allow":["GET"]}}],"collection":[{"href":"https:\/\/dbsoft.com.gr\/en\/wp-json\/wp\/v2\/product"}],"about":[{"href":"https:\/\/dbsoft.com.gr\/en\/wp-json\/wp\/v2\/types\/product"}],"replies":[{"embeddable":true,"href":"https:\/\/dbsoft.com.gr\/en\/wp-json\/wp\/v2\/comments?post=7347"}],"wp:featuredmedia":[{"embeddable":true,"href":"https:\/\/dbsoft.com.gr\/en\/wp-json\/wp\/v2\/media\/7346"}],"wp:attachment":[{"href":"https:\/\/dbsoft.com.gr\/en\/wp-json\/wp\/v2\/media?parent=7347"}],"wp:term":[{"taxonomy":"product_brand","embeddable":true,"href":"https:\/\/dbsoft.com.gr\/en\/wp-json\/wp\/v2\/product_brand?post=7347"},{"taxonomy":"product_cat","embeddable":true,"href":"https:\/\/dbsoft.com.gr\/en\/wp-json\/wp\/v2\/product_cat?post=7347"},{"taxonomy":"product_tag","embeddable":true,"href":"https:\/\/dbsoft.com.gr\/en\/wp-json\/wp\/v2\/product_tag?post=7347"}],"curies":[{"name":"wp","href":"https:\/\/api.w.org\/{rel}","templated":true}]}}