{"id":7949,"date":"2025-09-04T12:54:32","date_gmt":"2025-09-04T09:54:32","guid":{"rendered":"https:\/\/dbsoft.com.gr\/?post_type=product&#038;p=7949"},"modified":"2025-09-23T19:34:28","modified_gmt":"2025-09-23T16:34:28","slug":"ng-%ce%b1%cf%83%cf%85%cf%81%ce%bc%ce%b1%cf%84%ce%bf-2d-barcode-bluetooth-%ce%bc%ce%b1%cf%85%cf%81%ce%bf","status":"publish","type":"product","link":"https:\/\/dbsoft.com.gr\/en\/\u03c0\u03c1\u03bf\u03ca\u03bf\u03bd\u03c4\u03b1\/ng-%ce%b1%cf%83%cf%85%cf%81%ce%bc%ce%b1%cf%84%ce%bf-2d-barcode-bluetooth-%ce%bc%ce%b1%cf%85%cf%81%ce%bf\/","title":{"rendered":"NG \u0391\u03a3\u03a5\u03a1\u039c\u0391\u03a4\u039f 2D BARCODE BLUETOOTH, \u039c\u0391\u03a5\u03a1\u039f"},"content":{"rendered":"<p data-start=\"23\" data-end=\"276\"><span style=\"font-family: Century Gothic;\">\u03a4\u03bf NG-BARC2DSV \u03b5\u03af\u03bd\u03b1\u03b9 \u03ad\u03bd\u03b1\u03c2 \u03c5\u03c8\u03b7\u03bb\u03ae\u03c2 \u03b1\u03c0\u03cc\u03b4\u03bf\u03c3\u03b7\u03c2 \u03b1\u03bd\u03b1\u03b3\u03bd\u03ce\u03c3\u03c4\u03b7\u03c2 barcode \u03c4\u03cd\u03c0\u03bf\u03c5 stand, 2D, \u03bc\u03b5 Bluetooth \u03ba\u03b1\u03b9 \u03b1\u03c3\u03cd\u03c1\u03bc\u03b1\u03c4\u03b7 \u03c3\u03cd\u03bd\u03b4\u03b5\u03c3\u03b7 2.4G, \u03c7\u03c1\u03b7\u03c3\u03b9\u03bc\u03bf\u03c0\u03bf\u03b9\u03ce\u03bd\u03c4\u03b1\u03c2 \u03c4\u03b7\u03bd \u03ba\u03bf\u03c1\u03c5\u03c6\u03b1\u03af\u03b1 \u03c4\u03b5\u03c7\u03bd\u03bf\u03bb\u03bf\u03b3\u03af\u03b1 \u03b1\u03bd\u03b1\u03b3\u03bd\u03ce\u03c1\u03b9\u03c3\u03b7\u03c2 \u03b5\u03b9\u03ba\u03cc\u03bd\u03b1\u03c2 CMOS.<br data-start=\"206\" data-end=\"209\" \/>\u039c\u03c0\u03bf\u03c1\u03b5\u03af \u03b5\u03cd\u03ba\u03bf\u03bb\u03b1 \u03bd\u03b1 \u03b4\u03b9\u03b1\u03b2\u03ac\u03c3\u03b5\u03b9 barcode \u03c3\u03b5 \u03c7\u03b1\u03c1\u03c4\u03af, \u03c0\u03c1\u03bf\u03ca\u03cc\u03bd\u03c4\u03b1 \u03ae \u03ac\u03bb\u03bb\u03b1 \u03bc\u03ad\u03c3\u03b1.<br \/>\n<\/span><\/p>\n<p data-start=\"278\" data-end=\"294\"><span style=\"font-family: Century Gothic;\"><strong>features<\/strong><\/span><\/p>\n<ul data-is-last-node=\"\" data-is-only-node=\"\" data-start=\"295\" data-end=\"740\">\n<li data-start=\"295\" data-end=\"382\">\n<p data-start=\"297\" data-end=\"382\"><span style=\"font-family: Century Gothic;\">\u0391\u03c0\u03bb\u03cc\u03c2 \u03c3\u03c7\u03b5\u03b4\u03b9\u03b1\u03c3\u03bc\u03cc\u03c2, \u03b5\u03c5\u03c1\u03ad\u03c9\u03c2 \u03c7\u03c1\u03b7\u03c3\u03b9\u03bc\u03bf\u03c0\u03bf\u03b9\u03bf\u03cd\u03bc\u03b5\u03bd\u03bf\u03c2 \u03c3\u03b5 \u03b1\u03c0\u03bf\u03b8\u03ae\u03ba\u03b5\u03c2 \u03ba\u03b1\u03b9 \u03b5\u03c4\u03b1\u03b9\u03c1\u03b5\u03af\u03b5\u03c2 \u03c4\u03b1\u03c7\u03c5\u03bc\u03b5\u03c4\u03b1\u03c6\u03bf\u03c1\u03ce\u03bd.<\/span><\/p>\n<\/li>\n<li data-start=\"383\" data-end=\"452\">\n<p data-start=\"385\" data-end=\"452\"><span style=\"font-family: Century Gothic;\">\u0394\u03b9\u03b1\u03b2\u03ac\u03b6\u03b5\u03b9 \u03b5\u03cd\u03ba\u03bf\u03bb\u03b1 \u03cc\u03bb\u03b1 \u03c4\u03b1 \u03ba\u03cd\u03c1\u03b9\u03b1 1D \u03ba\u03b1\u03b9 2D barcode \u03c3\u03c4\u03b7\u03bd \u03b1\u03b3\u03bf\u03c1\u03ac (5mil).<\/span><\/p>\n<\/li>\n<li data-start=\"453\" data-end=\"554\">\n<p data-start=\"455\" data-end=\"554\"><span style=\"font-family: Century Gothic;\">Bluetooth 4.2, \u03ad\u03be\u03c5\u03c0\u03bd\u03b7 \u03b1\u03c5\u03c4\u03cc\u03bc\u03b1\u03c4\u03b7 \u03c3\u03cd\u03bd\u03b4\u03b5\u03c3\u03b7 \u03cc\u03c4\u03b1\u03bd \u03b2\u03c1\u03af\u03c3\u03ba\u03b5\u03c4\u03b1\u03b9 \u03b5\u03ba\u03c4\u03cc\u03c2 \u03b5\u03bc\u03b2\u03ad\u03bb\u03b5\u03b9\u03b1\u03c2, \u03c7\u03c9\u03c1\u03af\u03c2 \u03c7\u03b5\u03b9\u03c1\u03bf\u03ba\u03af\u03bd\u03b7\u03c4\u03b7 \u03c1\u03cd\u03b8\u03bc\u03b9\u03c3\u03b7.<\/span><\/p>\n<\/li>\n<li data-start=\"555\" data-end=\"623\">\n<p data-start=\"557\" data-end=\"623\"><span style=\"font-family: Century Gothic;\">\u039b\u03b5\u03b9\u03c4\u03bf\u03c5\u03c1\u03b3\u03af\u03b1 HID, SPP, BLE, \u03b5\u03cd\u03ba\u03bf\u03bb\u03b7 \u03c3\u03cd\u03bd\u03b4\u03b5\u03c3\u03b7 \u03bc\u03b5 \u03c5\u03c0\u03bf\u03bb\u03bf\u03b3\u03b9\u03c3\u03c4\u03ae \u03ae \u03ba\u03b9\u03bd\u03b7\u03c4\u03cc.<\/span><\/p>\n<\/li>\n<li data-start=\"624\" data-end=\"697\">\n<p data-start=\"626\" data-end=\"697\"><span style=\"font-family: Century Gothic;\">\u03a0\u03bf\u03bb\u03cd \u03c7\u03b1\u03bc\u03b7\u03bb\u03ae \u03ba\u03b1\u03c4\u03b1\u03bd\u03ac\u03bb\u03c9\u03c3\u03b7 \u03b5\u03bd\u03ad\u03c1\u03b3\u03b5\u03b9\u03b1\u03c2, \u03c3\u03c5\u03bd\u03b5\u03c7\u03ae\u03c2 \u03c7\u03c1\u03cc\u03bd\u03bf\u03c2 \u03bb\u03b5\u03b9\u03c4\u03bf\u03c5\u03c1\u03b3\u03af\u03b1\u03c2 16 \u03ce\u03c1\u03b5\u03c2.<\/span><\/p>\n<\/li>\n<li data-is-last-node=\"\" data-start=\"698\" data-end=\"740\">\n<p data-is-last-node=\"\" data-start=\"700\" data-end=\"740\"><span style=\"font-family: Century Gothic;\">\u03a7\u03c9\u03c1\u03b7\u03c4\u03b9\u03ba\u03cc\u03c4\u03b7\u03c4\u03b1 \u03b1\u03c0\u03bf\u03b8\u03ae\u03ba\u03b5\u03c5\u03c3\u03b7\u03c2 \u03b4\u03b5\u03b4\u03bf\u03bc\u03ad\u03bd\u03c9\u03bd 16Mb.<\/span><\/p>\n<\/li>\n<\/ul>\n<p>&nbsp;<\/p>\n<table class=\"table table-bordered\">\n<tbody>\n<tr bgcolor=\"#eeeeee\">\n<td colspan=\"2\"><span style=\"font-family: Century Gothic;\"><strong>\u0393\u03b5\u03bd\u03b9\u03ba\u03bf\u03af \u03a0\u03b1\u03c1\u03ac\u03bc\u03b5\u03c4\u03c1\u03bf\u03b9<\/strong><\/span><\/td>\n<\/tr>\n<tr>\n<td><strong>\u03a4\u03c5\u03c0\u03bf\u03c2 \u03a3\u03b1\u03c1\u03c9\u03c3\u03b7\u03c2<\/strong><\/td>\n<td>CMOS<\/td>\n<\/tr>\n<tr>\n<td><strong>\u03a0\u03b7\u03b3&amp;x03AE; \u03a6\u03c9\u03c4\u03bf\u03c2<\/strong><\/td>\n<td>\u039a&amp;\u03cc;\u03ba\u03ba\u03b9\u03bd\u03bf LED 525\u00b110nm (\u03c3\u03c4\u03bf\u03c7\u03b5\u03c5\u03c3\u03b7), 5600K LEDs (\u03c6\u03c9\u03c4\u03b9\u03c3\u03bc\u03bf)<\/td>\n<\/tr>\n<tr>\n<td><strong>CPU<\/strong><\/td>\n<td>32-bit<\/td>\n<\/tr>\n<tr>\n<td><strong>\u0391\u03bd\u03b1\u03bb\u03c5\u03c3\u03b7 \u0391\u03b9\u03c3\u03b8\u03b7\u03c4&amp;x03AE;\u03c1\u03b1<\/strong><\/td>\n<td>Manual, Auto Sense, Continuous<\/td>\n<\/tr>\n<tr>\n<td><strong>\u0391\u03bd\u03b1\u03bb\u03c5\u03c3\u03b7 \u03a3\u03b1\u03c1\u03c9\u03c3\u03b7\u03c2<\/strong><\/td>\n<td>640 \u00d7 480 Pixels \/ 3mil\/0.1mm (PCS90%, CODE 39)<\/td>\n<\/tr>\n<tr>\n<td><strong>\u03a4\u03b1\u03c7\u03c5\u03c4\u03b7\u03c4\u03b1 \u03a3\u03b1\u03c1\u03c9\u03c3\u03b7\u03c2<\/strong><\/td>\n<td>65 cm\/s<\/td>\n<\/tr>\n<tr>\n<td><strong>\u0392\u03b1\u03b8\u03bf\u03c2 \u03a0\u03b5\u03b4\u03b9\u03bf\u03c5<\/strong><\/td>\n<td>30-600 mm<\/td>\n<\/tr>\n<tr>\n<td><strong>\u0393\u03c9\u03bd\u03b9\u03b1 \u03a3\u03b1\u03c1\u03c9\u03c3\u03b7\u03c2<\/strong><\/td>\n<td>Roll \u00b1360\u00b0, Pitch \u00b160\u00b0, Skew \u00b155\u00b0<\/td>\n<\/tr>\n<tr>\n<td><strong>\u03a3\u03c4\u03bf\u03c7\u03b7 &amp;E;kappa;\u03c4\u03c5\u03c0\u03bf\u03c2 &amp;E;\u03ba\u03c4\u03c5\u03c0\u03c9\u03c3\u03b7\u03c2<\/strong><\/td>\n<td>15%<\/td>\n<\/tr>\n<tr>\n<td><strong>\u03a0\u03b5\u03c1\u03b9\u03b2\u03b1\u03bb\u03bb\u03bf\u03bd \u03a6\u03c9\u03c4\u03b9\u03c3\u03bc\u03bf\u03c2<\/strong><\/td>\n<td>\u03a3\u03ba\u03bf\u03c4\u03b5\u03b9\u03bd\u03bf\u03c2 \u03c0\u03b5\u03c1\u03b9\u03b2\u03ac\u03bb\u03bb\u03bf\u03bd, \u03b5\u03c3\u03c9\u03c4\u03b5\u03c1\u03b9\u03ba\u03cc\u03c2 \u03c6\u03c5\u03c3\u03b9\u03ba\u03cc\u03c2 \u03c6\u03c9\u03c4\u03b9\u03c3\u03bc\u03cc\u03c2<\/td>\n<\/tr>\n<tr bgcolor=\"#eeeeee\">\n<td colspan=\"2\"><span style=\"font-family: Century Gothic;\"><strong>\u0391\u03c3\u03c5\u03c1\u03bc\u03b1\u03c4\u03b7 \u03a3\u03c5\u03bd\u03b4\u03b5\u03c3\u03b7\u03c2 \u03ba\u03b1\u03b9 \u0391\u03c0\u03bf\u03b8\u03b7\u03ba\u03b5\u03c5\u03c3\u03b7<\/strong><\/span><\/td>\n<\/tr>\n<tr>\n<td><strong>\u03a4\u03c1\u03bf\u03c0\u03bf\u03b9 &amp;E;pikoinwni\u03b1\u03c2<\/strong><\/td>\n<td>Synchronization, storage<\/td>\n<\/tr>\n<tr>\n<td><strong>\u0391\u03c0\u03bf\u03c3\u03c4\u03b1\u03c3\u03b7 \u039c\u03b5\u03c4\u03b1\u03b4\u03bf\u03c3\u03b7\u03c2<\/strong><\/td>\n<td>2.4GHz: \u03ad\u03c9\u03c2 150m, Bluetooth: 30 m (\u03b1\u03bd\u03bf\u03b9\u03c7\u03c4\u03ae \u03b1\u03c0\u03cc\u03c3\u03c4\u03b1\u03c3\u03b7)<\/td>\n<\/tr>\n<tr>\n<td><strong>\u0391\u03c0\u03bf\u03b8\u03b7\u03ba\u03b5\u03c5\u03c3\u03b7<\/strong><\/td>\n<td>350 KB (\u03c0\u03ac\u03bd\u03c9 \u03b1\u03c0\u03cc 100.000 \u03ba\u03c9\u03b4\u03b9\u03ba\u03bf\u03cd\u03c2 \u03c0\u03c1\u03bf\u03ca\u03cc\u03bd\u03c4\u03c9\u03bd)<\/td>\n<\/tr>\n<tr bgcolor=\"#eeeeee\">\n<td colspan=\"2\"><span style=\"font-family: Century Gothic;\"><strong>\u0392\u03b1\u03c4\u03b1\u03c1\u03b9\u03b5\u03c2<\/strong><\/span><\/td>\n<\/tr>\n<tr>\n<td><strong>\u03a7\u03c9\u03c1\u03b7\u03c4\u03b9\u03ba\u03bf\u03c4\u03b7\u03c4\u03b1 \u039c\u03c0\u03b1\u03c4\u03b1\u03c1\u03b9\u03b1\u03c2<\/strong><\/td>\n<td>2200 mAh<\/td>\n<\/tr>\n<tr>\n<td><strong>\u03a7\u03c1\u03bf\u03bd\u03bf\u03c2 \u03a6\u03bf\u03c1\u03c4\u03b9\u03c3\u03b7\u03c2<\/strong><\/td>\n<td>\u03a0\u03b5\u03c1\u03af\u03c0\u03bf\u03c5 6.5 \u03ce\u03c1\u03b5\u03c2<\/td>\n<\/tr>\n<tr>\n<td><strong>\u03a3\u03c5\u03bd\u03b5\u03c7\u03b5\u03b9\u03c2 \u039b\u03b5\u03b9\u03c4\u03bf\u03c5\u03c1\u03b3\u03b9\u03b1<\/strong><\/td>\n<td>16 \u03ce\u03c1\u03b5\u03c2<\/td>\n<\/tr>\n<tr bgcolor=\"#eeeeee\">\n<td colspan=\"2\"><span style=\"font-family: Century Gothic;\"><strong>\u0391\u03c0\u03bf\u03ba\u03c9\u03b4\u03b9\u03ba\u03bf\u03c0\u03bf\u03b9\u03b7\u03c2<\/strong><\/span><\/td>\n<\/tr>\n<tr>\n<td><strong>1D<\/strong><\/td>\n<td>UPC-A, UPC-E, EAN-8, EAN-13, Code128, GS1-128, Code39, Code32, Code93, Code11, Interleaved 2 of 5, Matrix 2 of 5, Industrial 2 of 5, Standard 2 of 5, Codabar, MSI, GS1 Databar, China Post, Tepepen, Febraban, GS1 Composite, Japan Post, \u03ba.\u03ac.<\/td>\n<\/tr>\n<tr>\n<td><strong>2D<\/strong><\/td>\n<td>QR Code, Micro QR Code, Data Matrix, PDF417, Micro PDF417, MaxiCode, Aztec, HanXin Code, \u03ba.\u03ac.<\/td>\n<\/tr>\n<tr bgcolor=\"#eeeeee\">\n<td colspan=\"2\"><span style=\"font-family: Century Gothic;\"><strong>\u03a6\u03c5\u03c3\u03b9\u03ba\u03bf\u03b9 \u03a0\u03b1\u03c1\u03b1\u03bc\u03b5\u03c4\u03c1\u03bf\u03b9<\/strong><\/span><\/td>\n<\/tr>\n<tr>\n<td><strong>\u0392\u03b1\u03c1\u03bf\u03c2<\/strong><\/td>\n<td>160g (\u03c7\u03c9\u03c1\u03af\u03c2 \u03ba\u03b1\u03bb\u03ce\u03b4\u03b9\u03bf)<\/td>\n<\/tr>\n<tr>\n<td><strong>\u0394\u03b9\u03b1\u03c3\u03c4\u03b1\u03c3\u03b5\u03b9\u03c2 \u03a3\u03b1\u03c1\u03c9\u03c3\u03b7\u03c2<\/strong><\/td>\n<td>60 \u00d7 80 \u00d7 165 mm (Scanner), 95 \u00d7 98 \u00d7 120 mm (Stand)<\/td>\n<\/tr>\n<tr>\n<td><strong>\u03a4\u03c1\u03bf\u03c0\u03bf\u03b9 &amp;E;pikoinwni\u03b1\u03c2<\/strong><\/td>\n<td>USB, Wireless 2.4G, Bluetooth 4.2<\/td>\n<\/tr>\n<tr>\n<td><strong>Interface Type<\/strong><\/td>\n<td>USB<\/td>\n<\/tr>\n<tr>\n<td><strong>\u0398\u03b5\u03c1\u03bc\u03bf\u03ba\u03c1\u03b1\u03c3\u03b9\u03b1 \u039b\u03b5\u03b9\u03c4\u03bf\u03c5\u03c1\u03b3\u03b9\u03b1\u03c2<\/strong><\/td>\n<td>-20\u00b0C \u03ad\u03c9\u03c2 55\u00b0C<\/td>\n<\/tr>\n<tr>\n<td><strong>\u0398\u03b5\u03c1\u03bc\u03bf\u03ba\u03c1\u03b1\u03c3\u03b9\u03b1 \u0391\u03c0\u03bf\u03b8\u03b7\u03ba\u03b5\u03c5\u03c3\u03b7\u03c2<\/strong><\/td>\n<td>-20\u00b0C \u03ad\u03c9\u03c2 60\u00b0C<\/td>\n<\/tr>\n<tr>\n<td><strong>\u03a5\u03b3\u03c1\u03b1\u03c3\u03b9\u03b1<\/strong><\/td>\n<td>5% &#8211; 95% (\u03c7\u03c9\u03c1\u03af\u03c2 \u03c3\u03c5\u03bc\u03c0\u03cd\u03ba\u03bd\u03c9\u03c3\u03b7)<\/td>\n<\/tr>\n<tr>\n<td><strong>\u038e\u03c8\u03bf\u03c2 \u03a0\u03c4&amp;wacute;\u03c3\u03b7\u03c2<\/strong><\/td>\n<td>1.5 m<\/td>\n<\/tr>\n<tr>\n<td><strong>\u0394\u03bf\u03ba\u03b9\u03bc\u03b5\u03c2 \u0398\u03b5\u03c1\u03bc\u03bf\u03ba\u03c1\u03b1\u03c3\u03b9\u03b1\u03c2<\/strong><\/td>\n<td>30\u2019 \u03c3\u03c4\u03bf\u03c5\u03c2 55\u00b0C, 30\u2019 \u03c3\u03c4\u03bf\u03c5\u03c2 -20\u00b0C<\/td>\n<\/tr>\n<\/tbody>\n<\/table>","protected":false},"excerpt":{"rendered":"<p>\u03a4\u03bf NG-BARC2DSV \u03b5\u03af\u03bd\u03b1\u03b9 \u03ad\u03bd\u03b1\u03c2 \u03c5\u03c8\u03b7\u03bb\u03ae\u03c2 \u03b1\u03c0\u03cc\u03b4\u03bf\u03c3\u03b7\u03c2 \u03b1\u03bd\u03b1\u03b3\u03bd\u03ce\u03c3\u03c4\u03b7\u03c2 barcode \u03c4\u03cd\u03c0\u03bf\u03c5 stand, 2D, \u03bc\u03b5 Bluetooth \u03ba\u03b1\u03b9 \u03b1\u03c3\u03cd\u03c1\u03bc\u03b1\u03c4\u03b7 \u03c3\u03cd\u03bd\u03b4\u03b5\u03c3\u03b7 2.4G, \u03c7\u03c1\u03b7\u03c3\u03b9\u03bc\u03bf\u03c0\u03bf\u03b9\u03ce\u03bd\u03c4\u03b1\u03c2 \u03c4\u03b7\u03bd \u03ba\u03bf\u03c1\u03c5\u03c6\u03b1\u03af\u03b1 \u03c4\u03b5\u03c7\u03bd\u03bf\u03bb\u03bf\u03b3\u03af\u03b1 \u03b1\u03bd\u03b1\u03b3\u03bd\u03ce\u03c1\u03b9\u03c3\u03b7\u03c2 \u03b5\u03b9\u03ba\u03cc\u03bd\u03b1\u03c2 CMOS.\u039c\u03c0\u03bf\u03c1\u03b5\u03af \u03b5\u03cd\u03ba\u03bf\u03bb\u03b1 \u03bd\u03b1 \u03b4\u03b9\u03b1\u03b2\u03ac\u03c3\u03b5\u03b9 barcode \u03c3\u03b5 \u03c7\u03b1\u03c1\u03c4\u03af, \u03c0\u03c1\u03bf\u03ca\u03cc\u03bd\u03c4\u03b1 \u03ae \u03ac\u03bb\u03bb\u03b1 \u03bc\u03ad\u03c3\u03b1. \u03a7\u03b1\u03c1\u03b1\u03ba\u03c4\u03b7\u03c1\u03b9\u03c3\u03c4\u03b9\u03ba\u03ac \u0391\u03c0\u03bb\u03cc\u03c2 \u03c3\u03c7\u03b5\u03b4\u03b9\u03b1\u03c3\u03bc\u03cc\u03c2, \u03b5\u03c5\u03c1\u03ad\u03c9\u03c2 \u03c7\u03c1\u03b7\u03c3\u03b9\u03bc\u03bf\u03c0\u03bf\u03b9\u03bf\u03cd\u03bc\u03b5\u03bd\u03bf\u03c2 \u03c3\u03b5 \u03b1\u03c0\u03bf\u03b8\u03ae\u03ba\u03b5\u03c2 \u03ba\u03b1\u03b9 \u03b5\u03c4\u03b1\u03b9\u03c1\u03b5\u03af\u03b5\u03c2 \u03c4\u03b1\u03c7\u03c5\u03bc\u03b5\u03c4\u03b1\u03c6\u03bf\u03c1\u03ce\u03bd. \u0394\u03b9\u03b1\u03b2\u03ac\u03b6\u03b5\u03b9 \u03b5\u03cd\u03ba\u03bf\u03bb\u03b1 \u03cc\u03bb\u03b1 \u03c4\u03b1 \u03ba\u03cd\u03c1\u03b9\u03b1 1D \u03ba\u03b1\u03b9 2D barcode \u03c3\u03c4\u03b7\u03bd \u03b1\u03b3\u03bf\u03c1\u03ac<\/p>","protected":false},"featured_media":7950,"comment_status":"closed","ping_status":"closed","template":"","meta":[],"product_brand":[408],"product_cat":[229],"product_tag":[],"class_list":{"0":"post-7949","1":"product","2":"type-product","3":"status-publish","4":"has-post-thumbnail","6":"product_brand-ng","7":"product_cat-barcode","9":"first","10":"instock","11":"taxable","12":"shipping-taxable","13":"purchasable","14":"product-type-simple"},"_links":{"self":[{"href":"https:\/\/dbsoft.com.gr\/en\/wp-json\/wp\/v2\/product\/7949","targetHints":{"allow":["GET"]}}],"collection":[{"href":"https:\/\/dbsoft.com.gr\/en\/wp-json\/wp\/v2\/product"}],"about":[{"href":"https:\/\/dbsoft.com.gr\/en\/wp-json\/wp\/v2\/types\/product"}],"replies":[{"embeddable":true,"href":"https:\/\/dbsoft.com.gr\/en\/wp-json\/wp\/v2\/comments?post=7949"}],"wp:featuredmedia":[{"embeddable":true,"href":"https:\/\/dbsoft.com.gr\/en\/wp-json\/wp\/v2\/media\/7950"}],"wp:attachment":[{"href":"https:\/\/dbsoft.com.gr\/en\/wp-json\/wp\/v2\/media?parent=7949"}],"wp:term":[{"taxonomy":"product_brand","embeddable":true,"href":"https:\/\/dbsoft.com.gr\/en\/wp-json\/wp\/v2\/product_brand?post=7949"},{"taxonomy":"product_cat","embeddable":true,"href":"https:\/\/dbsoft.com.gr\/en\/wp-json\/wp\/v2\/product_cat?post=7949"},{"taxonomy":"product_tag","embeddable":true,"href":"https:\/\/dbsoft.com.gr\/en\/wp-json\/wp\/v2\/product_tag?post=7949"}],"curies":[{"name":"wp","href":"https:\/\/api.w.org\/{rel}","templated":true}]}}